{"id":3,"date":"2025-09-18T14:41:33","date_gmt":"2025-09-18T17:41:33","guid":{"rendered":"https:\/\/rnrevest.com.br\/?page_id=3"},"modified":"2025-10-08T13:31:03","modified_gmt":"2025-10-08T16:31:03","slug":"politica-de-privacidade","status":"publish","type":"page","link":"https:\/\/rnrevest.com.br\/index.php\/politica-de-privacidade\/","title":{"rendered":"Pol\u00edtica de privacidade"},"content":{"rendered":"\t\t<div data-elementor-type=\"wp-page\" data-elementor-id=\"3\" class=\"elementor elementor-3\">\n\t\t\t\t<div class=\"elementor-element elementor-element-6e6b28ce e-flex e-con-boxed e-con e-parent\" data-id=\"6e6b28ce\" data-element_type=\"container\">\n\t\t\t\t\t<div class=\"e-con-inner\">\n\t\t\t\t<div class=\"elementor-element elementor-element-5df1e145 elementor-widget elementor-widget-text-editor\" data-id=\"5df1e145\" data-element_type=\"widget\" data-widget_type=\"text-editor.default\">\n\t\t\t\t\t\t\t\t\t<h2 data-start=\"396\" data-end=\"463\"><strong data-start=\"399\" data-end=\"463\">Pol\u00edtica de Privacidade \u2013 RNrevest Solu\u00e7\u00f5es Industriais LTDA<\/strong><\/h2>\n<h3 data-start=\"465\" data-end=\"485\"><strong data-start=\"469\" data-end=\"483\">Quem somos<\/strong><\/h3>\n<p data-start=\"486\" data-end=\"846\"><br data-start=\"565\" data-end=\"568\">A <strong data-start=\"570\" data-end=\"608\">RNrevest Solu\u00e7\u00f5es Industriais LTDA<\/strong>, localizada em Ibirit\u00e9 \u2013 MG, atua desde 2004 no segmento de <strong data-start=\"669\" data-end=\"724\">revestimentos, recupera\u00e7\u00f5es e usinagens industriais<\/strong>, oferecendo solu\u00e7\u00f5es t\u00e9cnicas de alta confiabilidade para os setores sider\u00fargico, ferrovi\u00e1rio, de minera\u00e7\u00e3o e metalurgia.<\/p>\n<hr data-start=\"848\" data-end=\"851\">\n<h3 data-start=\"853\" data-end=\"874\"><strong data-start=\"857\" data-end=\"872\">Coment\u00e1rios<\/strong><\/h3>\n<p data-start=\"875\" data-end=\"1125\">Nos formul\u00e1rios de contato e or\u00e7amento, coletamos os dados informados (como nome, e-mail, telefone e empresa), al\u00e9m de informa\u00e7\u00f5es t\u00e9cnicas como o endere\u00e7o IP e dados do navegador, para garantir a seguran\u00e7a do sistema e prevenir spam ou uso indevido.<\/p>\n<p data-start=\"1127\" data-end=\"1388\"><\/p>\n<h3 data-start=\"1395\" data-end=\"1410\"><strong data-start=\"1399\" data-end=\"1408\">M\u00eddia<\/strong><\/h3>\n<p data-start=\"1411\" data-end=\"1597\">Se voc\u00ea enviar imagens ou anexos para o site, evite incluir informa\u00e7\u00f5es de localiza\u00e7\u00e3o (EXIF GPS). Visitantes podem baixar imagens do site e extrair desses arquivos dados de localiza\u00e7\u00e3o.<\/p>\n<hr data-start=\"1599\" data-end=\"1602\">\n<h3 data-start=\"1604\" data-end=\"1621\"><strong data-start=\"1608\" data-end=\"1619\">Cookies<\/strong><\/h3>\n<p data-start=\"1622\" data-end=\"1758\">Nosso site pode utilizar cookies para melhorar sua experi\u00eancia de navega\u00e7\u00e3o, lembrar prefer\u00eancias e analisar o desempenho das p\u00e1ginas.<\/p>\n<ul data-start=\"1759\" data-end=\"2088\">\n<li data-start=\"1759\" data-end=\"1909\">\n<p data-start=\"1761\" data-end=\"1909\">Ao preencher um formul\u00e1rio, voc\u00ea pode optar por salvar seu nome, e-mail e telefone nos cookies. Isso facilita o preenchimento em futuros contatos.<\/p>\n<\/li>\n<li data-start=\"1910\" data-end=\"2088\">\n<p data-start=\"1912\" data-end=\"2088\">Esses cookies s\u00e3o mantidos por at\u00e9 12 meses e n\u00e3o armazenam informa\u00e7\u00f5es sens\u00edveis.<br data-start=\"1994\" data-end=\"1997\">Voc\u00ea pode desativar o uso de cookies a qualquer momento nas configura\u00e7\u00f5es do seu navegador.<\/p>\n<\/li>\n<\/ul>\n<hr data-start=\"2090\" data-end=\"2093\">\n<h3 data-start=\"2095\" data-end=\"2138\"><strong data-start=\"2099\" data-end=\"2136\">M\u00eddia incorporada de outros sites<\/strong><\/h3>\n<p data-start=\"2139\" data-end=\"2483\">As p\u00e1ginas deste site podem incluir conte\u00fado incorporado, como v\u00eddeos, imagens e links de parceiros t\u00e9cnicos.<br data-start=\"2248\" data-end=\"2251\">O comportamento desses conte\u00fados \u00e9 o mesmo que se o visitante estivesse acessando o outro site diretamente.<br data-start=\"2358\" data-end=\"2361\">Esses sites podem coletar dados, usar cookies e monitorar intera\u00e7\u00f5es de acordo com suas pr\u00f3prias pol\u00edticas de privacidade.<\/p>\n<hr data-start=\"2485\" data-end=\"2488\">\n<h3 data-start=\"2490\" data-end=\"2534\"><strong data-start=\"2494\" data-end=\"2532\">Com quem compartilhamos seus dados<\/strong><\/h3>\n<p data-start=\"2535\" data-end=\"2674\">A RNrevest <strong data-start=\"2546\" data-end=\"2594\">n\u00e3o compartilha dados pessoais com terceiros<\/strong> para fins comerciais.<br data-start=\"2616\" data-end=\"2619\">Informa\u00e7\u00f5es poder\u00e3o ser compartilhadas apenas quando:<\/p>\n<ul data-start=\"2675\" data-end=\"2794\">\n<li data-start=\"2675\" data-end=\"2720\">\n<p data-start=\"2677\" data-end=\"2720\">Exigido por lei ou autoridade competente;<\/p>\n<\/li>\n<li data-start=\"2721\" data-end=\"2794\">\n<p data-start=\"2723\" data-end=\"2794\">Necess\u00e1rio para o cumprimento de obriga\u00e7\u00f5es contratuais e de auditoria.<\/p>\n<\/li>\n<\/ul>\n<hr data-start=\"2796\" data-end=\"2799\">\n<h3 data-start=\"2801\" data-end=\"2850\"><strong data-start=\"2805\" data-end=\"2848\">Por quanto tempo mantemos os seus dados<\/strong><\/h3>\n<p data-start=\"2851\" data-end=\"3141\">As informa\u00e7\u00f5es enviadas por meio de formul\u00e1rios de contato ou or\u00e7amento s\u00e3o mantidas apenas pelo tempo necess\u00e1rio para atendimento da solicita\u00e7\u00e3o e acompanhamento comercial.<br data-start=\"3024\" data-end=\"3027\">Ap\u00f3s esse per\u00edodo, os dados podem ser armazenados de forma segura para fins administrativos e hist\u00f3ricos internos.<\/p>\n<hr data-start=\"3143\" data-end=\"3146\">\n<h3 data-start=\"3148\" data-end=\"3197\"><strong data-start=\"3152\" data-end=\"3195\">Quais os seus direitos sobre seus dados<\/strong><\/h3>\n<p data-start=\"3198\" data-end=\"3220\">Voc\u00ea pode solicitar:<\/p>\n<ul data-start=\"3221\" data-end=\"3395\">\n<li data-start=\"3221\" data-end=\"3274\">\n<p data-start=\"3223\" data-end=\"3274\">O acesso aos dados pessoais que temos sobre voc\u00ea;<\/p>\n<\/li>\n<li data-start=\"3275\" data-end=\"3316\">\n<p data-start=\"3277\" data-end=\"3316\">A corre\u00e7\u00e3o de informa\u00e7\u00f5es incorretas;<\/p>\n<\/li>\n<li data-start=\"3317\" data-end=\"3354\">\n<p data-start=\"3319\" data-end=\"3354\">A exclus\u00e3o dos dados armazenados;<\/p>\n<\/li>\n<li data-start=\"3355\" data-end=\"3395\">\n<p data-start=\"3357\" data-end=\"3395\">A revoga\u00e7\u00e3o do consentimento de uso.<\/p>\n<\/li>\n<\/ul>\n<p data-start=\"3397\" data-end=\"3503\">Essas solicita\u00e7\u00f5es podem ser feitas a qualquer momento atrav\u00e9s do e-mail:<br data-start=\"3470\" data-end=\"3473\"><img decoding=\"async\" draggable=\"false\" role=\"img\" class=\"emoji\" alt=\"\ud83d\udce7\" src=\"https:\/\/s.w.org\/images\/core\/emoji\/16.0.1\/svg\/1f4e7.svg\"> <strong data-start=\"3476\" data-end=\"3503\"><a class=\"decorated-link cursor-pointer\" rel=\"noopener\" data-start=\"3478\" data-end=\"3501\">contato@rnrevest.com.br<\/a><\/strong><\/p>\n<hr data-start=\"3505\" data-end=\"3508\">\n<h3 data-start=\"3510\" data-end=\"3553\"><strong data-start=\"3514\" data-end=\"3551\">Para onde seus dados s\u00e3o enviados<\/strong><\/h3>\n<p data-start=\"3554\" data-end=\"3796\">As informa\u00e7\u00f5es enviadas atrav\u00e9s do site podem ser verificadas automaticamente por sistemas de detec\u00e7\u00e3o de spam e seguran\u00e7a digital.<br data-start=\"3685\" data-end=\"3688\">Todos os dados permanecem armazenados em ambiente protegido e acess\u00edvel apenas \u00e0 equipe interna da RNrevest.<\/p>\t\t\t\t\t\t\t\t<\/div>\n\t\t\t\t\t<\/div>\n\t\t\t\t<\/div>\n\t\t<div class=\"elementor-element elementor-element-45092bc e-flex e-con-boxed e-con e-parent\" data-id=\"45092bc\" data-element_type=\"container\" data-settings=\"{&quot;background_background&quot;:&quot;classic&quot;}\">\n\t\t\t\t\t<div class=\"e-con-inner\">\n\t\t\t\t<div class=\"elementor-element elementor-element-50d3dab elementor-widget__width-initial elementor-widget elementor-widget-text-editor\" data-id=\"50d3dab\" data-element_type=\"widget\" data-widget_type=\"text-editor.default\">\n\t\t\t\t\t\t\t\t\t<p>\u00a9 Todos os direitos reservados<\/p>\t\t\t\t\t\t\t\t<\/div>\n\t\t\t\t<div class=\"elementor-element elementor-element-d9b43c8 elementor-align-right elementor-widget__width-initial elementor-widget elementor-widget-button\" data-id=\"d9b43c8\" data-element_type=\"widget\" data-widget_type=\"button.default\">\n\t\t\t\t\t\t\t\t\t\t<a class=\"elementor-button elementor-button-link elementor-size-sm\" href=\"https:\/\/rnrevest.com.br\/index.php\/politica-de-privacidade\/\">\n\t\t\t\t\t\t<span class=\"elementor-button-content-wrapper\">\n\t\t\t\t\t\t\t\t\t<span class=\"elementor-button-text\">Pol\u00edticas de Privacidade e Termos de Uso<\/span>\n\t\t\t\t\t<\/span>\n\t\t\t\t\t<\/a>\n\t\t\t\t\t\t\t\t<\/div>\n\t\t\t\t\t<\/div>\n\t\t\t\t<\/div>\n\t\t\t\t<\/div>\n\t\t","protected":false},"excerpt":{"rendered":"<p>Pol\u00edtica de Privacidade \u2013 RNrevest Solu\u00e7\u00f5es Industriais LTDA Quem somos A RNrevest Solu\u00e7\u00f5es Industriais LTDA, localizada em Ibirit\u00e9 \u2013 MG, atua desde 2004 no segmento de revestimentos, recupera\u00e7\u00f5es e usinagens industriais, oferecendo solu\u00e7\u00f5es t\u00e9cnicas de alta confiabilidade para os setores sider\u00fargico, ferrovi\u00e1rio, de minera\u00e7\u00e3o e metalurgia. Coment\u00e1rios Nos formul\u00e1rios de contato e or\u00e7amento, coletamos os [&hellip;]<\/p>\n","protected":false},"author":1,"featured_media":0,"parent":0,"menu_order":0,"comment_status":"closed","ping_status":"open","template":"elementor_canvas","meta":{"footnotes":""},"class_list":["post-3","page","type-page","status-publish","hentry"],"_links":{"self":[{"href":"https:\/\/rnrevest.com.br\/index.php\/wp-json\/wp\/v2\/pages\/3","targetHints":{"allow":["GET"]}}],"collection":[{"href":"https:\/\/rnrevest.com.br\/index.php\/wp-json\/wp\/v2\/pages"}],"about":[{"href":"https:\/\/rnrevest.com.br\/index.php\/wp-json\/wp\/v2\/types\/page"}],"author":[{"embeddable":true,"href":"https:\/\/rnrevest.com.br\/index.php\/wp-json\/wp\/v2\/users\/1"}],"replies":[{"embeddable":true,"href":"https:\/\/rnrevest.com.br\/index.php\/wp-json\/wp\/v2\/comments?post=3"}],"version-history":[{"count":13,"href":"https:\/\/rnrevest.com.br\/index.php\/wp-json\/wp\/v2\/pages\/3\/revisions"}],"predecessor-version":[{"id":1529,"href":"https:\/\/rnrevest.com.br\/index.php\/wp-json\/wp\/v2\/pages\/3\/revisions\/1529"}],"wp:attachment":[{"href":"https:\/\/rnrevest.com.br\/index.php\/wp-json\/wp\/v2\/media?parent=3"}],"curies":[{"name":"wp","href":"https:\/\/api.w.org\/{rel}","templated":true}]}}